{"id":85,"date":"2024-03-14T11:36:11","date_gmt":"2024-03-14T11:36:11","guid":{"rendered":"https:\/\/vienolanlampo.fi\/?page_id=85"},"modified":"2024-03-14T12:02:32","modified_gmt":"2024-03-14T12:02:32","slug":"muutostyoilmoitus","status":"publish","type":"page","link":"https:\/\/vienolanlampo.fi\/?page_id=85","title":{"rendered":"Muutosty\u00f6ilmoitus"},"content":{"rendered":"\n<div class=\"wp-block-group alignwide has-background is-layout-flow wp-block-group-is-layout-flow\" style=\"border-radius:8px;background-color:#d9d9d9;padding-top:var(--wp--preset--spacing--10);padding-bottom:var(--wp--preset--spacing--10)\">\n<h2 class=\"wp-block-heading has-text-align-center has-text-color has-link-color wp-elements-a816dd598bb01669100b82bee9188807\" style=\"color:#0074ff\"><strong>Muutosty\u00f6ilmoitus<\/strong><\/h2>\n\n\n\n<p class=\"has-text-align-center\">Alla olevasta linkist\u00e4 voit ladata muutosty\u00f6n ohjeet koneellesi, linkist\u00e4 l\u00f6ytyv\u00e4t my\u00f6s tarkemmat ohjeet ilmoituksen tekoa varten. Voit tehd\u00e4 muutosty\u00f6ilmoituksen alla olevan lomakkeen kautta.<br><br>Asbestikartoitustarve on huoneistoremontin\/muutosty\u00f6ilmoituksen yhteydess\u00e4 aina tarkistettava is\u00e4nn\u00f6itsij\u00e4lt\u00e4.<\/p>\n\n\n\n<div class=\"wp-block-file aligncenter\"><a id=\"wp-block-file--media-cf431289-e598-41b7-af9d-e613468901c7\" href=\"https:\/\/vienolanlampo.fi\/wp-content\/uploads\/2024\/03\/Muutosohjeistus.pdf\" target=\"_blank\" rel=\"noreferrer noopener\"><strong>Lataa t\u00e4st\u00e4 muutosohjeistus<\/strong><\/a><\/div>\n<\/div>\n\n\n\n<div class=\"wp-block-group alignwide has-background is-layout-flow wp-block-group-is-layout-flow\" style=\"border-radius:8px;background-color:#d9d9d9;padding-top:var(--wp--preset--spacing--10);padding-right:var(--wp--preset--spacing--10);padding-bottom:var(--wp--preset--spacing--10);padding-left:var(--wp--preset--spacing--10)\">\n<div class=\"wp-block-columns is-layout-flex wp-container-core-columns-is-layout-28f84493 wp-block-columns-is-layout-flex\">\n<div class=\"wp-block-column is-vertically-aligned-center is-layout-flow wp-block-column-is-layout-flow\">\n<h2 class=\"wp-block-heading has-text-align-center has-text-color has-link-color wp-elements-d3448cfb16a9978a0e9672cdb8605c49\" style=\"color:#0074ff\"><strong>Kunnossapitovastuu<\/strong><\/h2>\n\n\n\n<p class=\"has-text-align-center\">Kunnossapitovastuu tarkoittaa sit\u00e4, ett\u00e4 joko taloyhti\u00f6 tai osakas vastaa asunnon osan tai laitteen huollosta, hoidosta, korjaamisesta, perusparantamisesta ja uudistamisesta. Osakkaan kunnossapitovastuulla on asunnon sis\u00e4osat, kuten pintamateriaalit, komerot ja kalusteet sek\u00e4 perusj\u00e4rjestelm\u00e4\u00e4n kuulumattomat laitteet kuten liesi, j\u00e4\u00e4kaappi ja astianpesukone.<br><br>Rakennuksen ja rakennuksen ulkopuolisten osien kunnossapito kuuluu asunto-osakeyhti\u00f6lain mukaan l\u00e4ht\u00f6kohtaisesti taloyhti\u00f6lle. Taloyhti\u00f6 vastaa my\u00f6s esimerkiksi l\u00e4mmitys-, s\u00e4hk\u00f6-, tiedonsiirto-, vesi-, viem\u00e4ri-, ilmanvaihto- ja muista sen kaltaisista perusj\u00e4rjestelmist\u00e4. My\u00f6s rakenteet ja eristeet, kuten l\u00e4mmitys-, \u00e4\u00e4ni- ja vesieristeet kuuluvat yhti\u00f6lle.<br><br>Jos asia tuntuu ep\u00e4selv\u00e4lt\u00e4 voi sit\u00e4 tiedustella is\u00e4nn\u00f6itsij\u00e4n toimistosta.<br><br>Tarkemmat tiedot kunnossapitovastuunjaosta sek\u00e4 muuta olennaista asiaa l\u00f6yd\u00e4t oheisista linkeist\u00e4:<\/p>\n\n\n\n<p class=\"has-text-align-center\"><a href=\"https:\/\/www.isannointiliitto.fi\/\" data-type=\"link\" data-id=\"https:\/\/www.isannointiliitto.fi\/\">https:\/\/www.isannointiliitto.fi\/<\/a><\/p>\n\n\n\n<p class=\"has-text-align-center\"><a href=\"https:\/\/www.kiinteist\u00f6liitto.fi\" data-type=\"link\" data-id=\"https:\/\/www.kiinteist\u00f6liitto.fi\">https:\/\/www.kiinteist\u00f6liitto.fi<\/a><\/p>\n<\/div>\n\n\n\n<div class=\"wp-block-column is-layout-flow wp-block-column-is-layout-flow\">\n<div class=\"wp-block-contact-form-7-contact-form-selector\">\n<div class=\"wpcf7 no-js\" id=\"wpcf7-f84-o1\" lang=\"en-US\" dir=\"ltr\">\n<div class=\"screen-reader-response\"><p role=\"status\" aria-live=\"polite\" aria-atomic=\"true\"><\/p> <ul><\/ul><\/div>\n<form action=\"\/index.php?rest_route=%2Fwp%2Fv2%2Fpages%2F85#wpcf7-f84-o1\" method=\"post\" class=\"wpcf7-form init\" aria-label=\"Contact form\" novalidate=\"novalidate\" data-status=\"init\">\n<div style=\"display: none;\">\n<input type=\"hidden\" name=\"_wpcf7\" value=\"84\" \/>\n<input type=\"hidden\" name=\"_wpcf7_version\" value=\"5.9.2\" \/>\n<input type=\"hidden\" name=\"_wpcf7_locale\" value=\"en_US\" \/>\n<input type=\"hidden\" name=\"_wpcf7_unit_tag\" value=\"wpcf7-f84-o1\" \/>\n<input type=\"hidden\" name=\"_wpcf7_container_post\" value=\"0\" \/>\n<input type=\"hidden\" name=\"_wpcf7_posted_data_hash\" value=\"\" \/>\n<\/div>\n<p><label>Ilmoittaja, yhti\u00f6 ja huoneisto:<br \/>\n<span class=\"wpcf7-form-control-wrap\" data-name=\"ilmoittaja\"><input size=\"40\" class=\"wpcf7-form-control wpcf7-text wpcf7-validates-as-required\" aria-required=\"true\" aria-invalid=\"false\" placeholder=\"Matti Meik\u00e4l\u00e4inen, Asunto-Oy Aunelanvuori, A 1\" value=\"\" type=\"text\" name=\"ilmoittaja\" \/><\/span><\/label>\n<\/p>\n<p><label>Osakkaan s\u00e4hk\u00f6posti:<br \/>\n<span class=\"wpcf7-form-control-wrap\" data-name=\"email\"><input size=\"40\" class=\"wpcf7-form-control wpcf7-email wpcf7-validates-as-required wpcf7-text wpcf7-validates-as-email\" aria-required=\"true\" aria-invalid=\"false\" placeholder=\"matti.meikalainen@esimerkki.fi\" value=\"\" type=\"email\" name=\"email\" \/><\/span><\/label>\n<\/p>\n<p><label>Osakkaan puhelinnumero:<br \/>\n<span class=\"wpcf7-form-control-wrap\" data-name=\"puhelinnumero\"><input size=\"40\" class=\"wpcf7-form-control wpcf7-tel wpcf7-validates-as-required wpcf7-text wpcf7-validates-as-tel\" aria-required=\"true\" aria-invalid=\"false\" placeholder=\"+358441234567\" value=\"\" type=\"tel\" name=\"puhelinnumero\" \/><\/span><\/label>\n<\/p>\n<p><label>Rakennustekniset ty\u00f6t, ty\u00f6n suorittaja ja y-tunnus:<br \/>\n<span class=\"wpcf7-form-control-wrap\" data-name=\"rakennustyot\"><textarea cols=\"40\" rows=\"10\" class=\"wpcf7-form-control wpcf7-textarea wpcf7-validates-as-required\" aria-required=\"true\" aria-invalid=\"false\" placeholder=\"Keitti\u00f6n pintojen ja koneiden uusiminen, Esimerkkiyritys Oy, 12345-6\" name=\"rakennustyot\"><\/textarea><\/span><\/label>\n<\/p>\n<p><label>Muutosty\u00f6n aloitusp\u00e4iv\u00e4m\u00e4\u00e4r\u00e4:<br \/>\n<span class=\"wpcf7-form-control-wrap\" data-name=\"aloitus\"><input class=\"wpcf7-form-control wpcf7-date wpcf7-validates-as-required wpcf7-validates-as-date\" min=\"2026-05-16\" aria-required=\"true\" aria-invalid=\"false\" value=\"2026-05-16\" type=\"date\" name=\"aloitus\" \/><\/span><\/label>\n<\/p>\n<p><label>Muutosty\u00f6n lopetusp\u00e4iv\u00e4m\u00e4\u00e4r\u00e4:<br \/>\n<span class=\"wpcf7-form-control-wrap\" data-name=\"lopetus\"><input class=\"wpcf7-form-control wpcf7-date wpcf7-validates-as-required wpcf7-validates-as-date\" min=\"2026-05-16\" aria-required=\"true\" aria-invalid=\"false\" value=\"2026-05-16\" type=\"date\" name=\"lopetus\" \/><\/span><\/label>\n<\/p>\n<p><label>Paikka, p\u00e4iv\u00e4m\u00e4\u00e4r\u00e4 ja ilmoittajan nimi:<br \/>\n<span class=\"wpcf7-form-control-wrap\" data-name=\"allekirjoitus\"><textarea cols=\"40\" rows=\"10\" class=\"wpcf7-form-control wpcf7-textarea wpcf7-validates-as-required\" aria-required=\"true\" aria-invalid=\"false\" placeholder=\"Turussa 1.1.2024, Matti Meik\u00e4l\u00e4inen\" name=\"allekirjoitus\"><\/textarea><\/span><\/label>\n<\/p>\n<p><input class=\"wpcf7-form-control wpcf7-submit has-spinner button\" type=\"submit\" value=\"L\u00e4het\u00e4\" \/>\n<\/p><div class=\"wpcf7-response-output\" aria-hidden=\"true\"><\/div>\n<\/form>\n<\/div>\n<\/div>\n<\/div>\n<\/div>\n<\/div>\n","protected":false},"excerpt":{"rendered":"<p>Muutosty\u00f6ilmoitus Alla olevasta linkist\u00e4 voit ladata muutosty\u00f6n ohjeet koneellesi, linkist\u00e4 l\u00f6ytyv\u00e4t my\u00f6s tarkemmat ohjeet ilmoituksen tekoa varten. Voit tehd\u00e4 muutosty\u00f6ilmoituksen alla olevan lomakkeen kautta. Asbestikartoitustarve on huoneistoremontin\/muutosty\u00f6ilmoituksen yhteydess\u00e4 aina tarkistettava is\u00e4nn\u00f6itsij\u00e4lt\u00e4. Kunnossapitovastuu Kunnossapitovastuu tarkoittaa sit\u00e4, ett\u00e4 joko taloyhti\u00f6 tai osakas vastaa asunnon osan tai laitteen huollosta, hoidosta, korjaamisesta, perusparantamisesta ja uudistamisesta. Osakkaan kunnossapitovastuulla on asunnon [&hellip;]<\/p>\n","protected":false},"author":1,"featured_media":0,"parent":0,"menu_order":0,"comment_status":"closed","ping_status":"closed","template":"page-no-title","meta":{"footnotes":""},"class_list":["post-85","page","type-page","status-publish","hentry"],"_links":{"self":[{"href":"https:\/\/vienolanlampo.fi\/index.php?rest_route=\/wp\/v2\/pages\/85","targetHints":{"allow":["GET"]}}],"collection":[{"href":"https:\/\/vienolanlampo.fi\/index.php?rest_route=\/wp\/v2\/pages"}],"about":[{"href":"https:\/\/vienolanlampo.fi\/index.php?rest_route=\/wp\/v2\/types\/page"}],"author":[{"embeddable":true,"href":"https:\/\/vienolanlampo.fi\/index.php?rest_route=\/wp\/v2\/users\/1"}],"replies":[{"embeddable":true,"href":"https:\/\/vienolanlampo.fi\/index.php?rest_route=%2Fwp%2Fv2%2Fcomments&post=85"}],"version-history":[{"count":7,"href":"https:\/\/vienolanlampo.fi\/index.php?rest_route=\/wp\/v2\/pages\/85\/revisions"}],"predecessor-version":[{"id":127,"href":"https:\/\/vienolanlampo.fi\/index.php?rest_route=\/wp\/v2\/pages\/85\/revisions\/127"}],"wp:attachment":[{"href":"https:\/\/vienolanlampo.fi\/index.php?rest_route=%2Fwp%2Fv2%2Fmedia&parent=85"}],"curies":[{"name":"wp","href":"https:\/\/api.w.org\/{rel}","templated":true}]}}