{"id":77,"date":"2024-03-14T11:36:20","date_gmt":"2024-03-14T11:36:20","guid":{"rendered":"https:\/\/vienolanlampo.fi\/?page_id=77"},"modified":"2024-03-14T11:38:57","modified_gmt":"2024-03-14T11:38:57","slug":"muuttoilmoitus","status":"publish","type":"page","link":"https:\/\/vienolanlampo.fi\/?page_id=77","title":{"rendered":"Muuttoilmoitus"},"content":{"rendered":"\n<div class=\"wp-block-group alignwide has-background is-layout-flow wp-block-group-is-layout-flow\" style=\"border-radius:8px;background-color:#d9d9d9\">\n<h2 class=\"wp-block-heading has-text-align-center has-text-color has-link-color wp-elements-92044a83d9b590c268a5f70c34a21c60\" style=\"color:#0074ff;padding-top:var(--wp--preset--spacing--10)\"><strong>Muuttoilmoitus taloyhti\u00f6lle<\/strong><\/h2>\n\n\n\n<p class=\"has-text-align-center\" style=\"padding-right:var(--wp--preset--spacing--10);padding-bottom:var(--wp--preset--spacing--10);padding-left:var(--wp--preset--spacing--10)\">Viranomaisille tai Postille teht\u00e4v\u00e4 muuttoilmoitus ei v\u00e4lity is\u00e4nn\u00f6itsij\u00e4lle. T\u00e4m\u00e4n johdosta on eritt\u00e4in t\u00e4rke\u00e4\u00e4 ett\u00e4 muuttoilmoitus tehd\u00e4\u00e4n my\u00f6s taloyhti\u00f6lle.&nbsp;&nbsp;Kun olet tehnyt muuttoilmoituksen taloyhti\u00f6lle,&nbsp;&nbsp;kiinteist\u00f6huolto vaihtaa nimesi nimitauluihin ja huoneistoon oveen. Voit varata saunavuoroja, autopaikkoja jne, ja jos olet unohtanut avaimesi, huoltomies pystyy p\u00e4\u00e4st\u00e4m\u00e4\u00e4n sinut asuntoosi.<br><br>Muuttoilmoitus tulee tehd\u00e4 my\u00f6s pois muuttamisen yhteydess\u00e4, n\u00e4in saadaan varmistettua ett\u00e4 autopaikkavuokrien, vesimaksujen ja muiden mahdollisten maksujesi veloitus p\u00e4\u00e4ttyy oikealla hetkell\u00e4<\/p>\n<\/div>\n\n\n\n<div class=\"wp-block-group alignwide is-layout-flow wp-block-group-is-layout-flow\">\n<div class=\"wp-block-columns has-background is-layout-flex wp-container-core-columns-is-layout-28f84493 wp-block-columns-is-layout-flex\" style=\"border-radius:8px;background-color:#d9d9d9\">\n<div class=\"wp-block-column is-vertically-aligned-center is-layout-flow wp-block-column-is-layout-flow\">\n<h2 class=\"wp-block-heading has-text-align-left has-text-color has-link-color wp-elements-1dc0f640a39144d30a27ccdfc76fd67b\" style=\"color:#0074ff\"><strong>Muuttajan muistilista<\/strong><\/h2>\n\n\n\n<ul class=\"wp-block-list\">\n<li>Muuttoilmoitus viranomaisille<\/li>\n\n\n\n<li>Muuttoilmoitus taloyhti\u00f6lle<\/li>\n\n\n\n<li>S\u00e4hk\u00f6sopimuksen siirto<\/li>\n\n\n\n<li>Puhelin- ja internetliittymien siirto<\/li>\n\n\n\n<li>Lehtitilaukset ja kirjasto<\/li>\n\n\n\n<li>Osoitteenmuutoskortit yst\u00e4ville<\/li>\n<\/ul>\n\n\n\n<p>Huom!<\/p>\n\n\n\n<ul class=\"wp-block-list\">\n<li>Kotivakuutuksen siirto<\/li>\n\n\n\n<li>Tarkista palovaroittimen kunto<\/li>\n<\/ul>\n<\/div>\n\n\n\n<div class=\"wp-block-column is-layout-flow wp-block-column-is-layout-flow\">\n<div class=\"wp-block-contact-form-7-contact-form-selector\">\n<div class=\"wpcf7 no-js\" id=\"wpcf7-f78-o1\" lang=\"en-US\" dir=\"ltr\">\n<div class=\"screen-reader-response\"><p role=\"status\" aria-live=\"polite\" aria-atomic=\"true\"><\/p> <ul><\/ul><\/div>\n<form action=\"\/index.php?rest_route=%2Fwp%2Fv2%2Fpages%2F77#wpcf7-f78-o1\" method=\"post\" class=\"wpcf7-form init\" aria-label=\"Contact form\" novalidate=\"novalidate\" data-status=\"init\">\n<div style=\"display: none;\">\n<input type=\"hidden\" name=\"_wpcf7\" value=\"78\" \/>\n<input type=\"hidden\" name=\"_wpcf7_version\" value=\"5.9.2\" \/>\n<input type=\"hidden\" name=\"_wpcf7_locale\" value=\"en_US\" \/>\n<input type=\"hidden\" name=\"_wpcf7_unit_tag\" value=\"wpcf7-f78-o1\" \/>\n<input type=\"hidden\" name=\"_wpcf7_container_post\" value=\"0\" \/>\n<input type=\"hidden\" name=\"_wpcf7_posted_data_hash\" value=\"\" \/>\n<\/div>\n<p><label>Ilmoittaja:<br \/>\n<span class=\"wpcf7-form-control-wrap\" data-name=\"ilmoittaja\"><input size=\"40\" class=\"wpcf7-form-control wpcf7-text wpcf7-validates-as-required\" aria-required=\"true\" aria-invalid=\"false\" placeholder=\"Matti Meik\u00e4l\u00e4inen\" value=\"\" type=\"text\" name=\"ilmoittaja\" \/><\/span><\/label>\n<\/p>\n<p><label>S\u00e4hk\u00f6postisi:<br \/>\n<span class=\"wpcf7-form-control-wrap\" data-name=\"email\"><input size=\"40\" class=\"wpcf7-form-control wpcf7-email wpcf7-validates-as-required wpcf7-text wpcf7-validates-as-email\" aria-required=\"true\" aria-invalid=\"false\" placeholder=\"matti.meikalainen@esimerkki.fi\" value=\"\" type=\"email\" name=\"email\" \/><\/span><\/label>\n<\/p>\n<p><label>Puhelinnumero:<br \/>\n<span class=\"wpcf7-form-control-wrap\" data-name=\"puhelinnumero\"><input size=\"40\" class=\"wpcf7-form-control wpcf7-tel wpcf7-validates-as-required wpcf7-text wpcf7-validates-as-tel\" aria-required=\"true\" aria-invalid=\"false\" placeholder=\"+358441234567\" value=\"\" type=\"tel\" name=\"puhelinnumero\" \/><\/span><\/label>\n<\/p>\n<p><label>Osoite josta muutetaan:<br \/>\n<span class=\"wpcf7-form-control-wrap\" data-name=\"josta\"><input size=\"40\" class=\"wpcf7-form-control wpcf7-text wpcf7-validates-as-required\" aria-required=\"true\" aria-invalid=\"false\" placeholder=\"Vienolantie 5, 20210 Turku\" value=\"\" type=\"text\" name=\"josta\" \/><\/span><\/label>\n<\/p>\n<p><label>Uusi osoite:<br \/>\n<span class=\"wpcf7-form-control-wrap\" data-name=\"johon\"><input size=\"40\" class=\"wpcf7-form-control wpcf7-text wpcf7-validates-as-required\" aria-required=\"true\" aria-invalid=\"false\" placeholder=\"Esimerkkitie 1, 20100 Turku\" value=\"\" type=\"text\" name=\"johon\" \/><\/span><\/label>\n<\/p>\n<p><label>Muuttop\u00e4iv\u00e4:<br \/>\n<span class=\"wpcf7-form-control-wrap\" data-name=\"muuttodate\"><input class=\"wpcf7-form-control wpcf7-date wpcf7-validates-as-required wpcf7-validates-as-date\" min=\"2026-05-01\" aria-required=\"true\" aria-invalid=\"false\" value=\"2026-05-01\" type=\"date\" name=\"muuttodate\" \/><\/span><\/label>\n<\/p>\n<p><label>Muuttajien nimet ja syntym\u00e4ajat:<br \/>\n<span class=\"wpcf7-form-control-wrap\" data-name=\"muuttajat\"><textarea cols=\"40\" rows=\"10\" class=\"wpcf7-form-control wpcf7-textarea wpcf7-validates-as-required\" aria-required=\"true\" aria-invalid=\"false\" placeholder=\"Matti Meik\u00e4l\u00e4inen, 1.1.2024\" name=\"muuttajat\"><\/textarea><\/span><\/label>\n<\/p>\n<p><input class=\"wpcf7-form-control wpcf7-submit has-spinner button\" type=\"submit\" value=\"L\u00e4het\u00e4\" \/>\n<\/p><div class=\"wpcf7-response-output\" aria-hidden=\"true\"><\/div>\n<\/form>\n<\/div>\n<\/div>\n<\/div>\n<\/div>\n<\/div>\n","protected":false},"excerpt":{"rendered":"<p>Muuttoilmoitus taloyhti\u00f6lle Viranomaisille tai Postille teht\u00e4v\u00e4 muuttoilmoitus ei v\u00e4lity is\u00e4nn\u00f6itsij\u00e4lle. T\u00e4m\u00e4n johdosta on eritt\u00e4in t\u00e4rke\u00e4\u00e4 ett\u00e4 muuttoilmoitus tehd\u00e4\u00e4n my\u00f6s taloyhti\u00f6lle.&nbsp;&nbsp;Kun olet tehnyt muuttoilmoituksen taloyhti\u00f6lle,&nbsp;&nbsp;kiinteist\u00f6huolto vaihtaa nimesi nimitauluihin ja huoneistoon oveen. Voit varata saunavuoroja, autopaikkoja jne, ja jos olet unohtanut avaimesi, huoltomies pystyy p\u00e4\u00e4st\u00e4m\u00e4\u00e4n sinut asuntoosi. Muuttoilmoitus tulee tehd\u00e4 my\u00f6s pois muuttamisen yhteydess\u00e4, n\u00e4in saadaan varmistettua [&hellip;]<\/p>\n","protected":false},"author":1,"featured_media":0,"parent":0,"menu_order":0,"comment_status":"closed","ping_status":"closed","template":"page-no-title","meta":{"footnotes":""},"class_list":["post-77","page","type-page","status-publish","hentry"],"_links":{"self":[{"href":"https:\/\/vienolanlampo.fi\/index.php?rest_route=\/wp\/v2\/pages\/77","targetHints":{"allow":["GET"]}}],"collection":[{"href":"https:\/\/vienolanlampo.fi\/index.php?rest_route=\/wp\/v2\/pages"}],"about":[{"href":"https:\/\/vienolanlampo.fi\/index.php?rest_route=\/wp\/v2\/types\/page"}],"author":[{"embeddable":true,"href":"https:\/\/vienolanlampo.fi\/index.php?rest_route=\/wp\/v2\/users\/1"}],"replies":[{"embeddable":true,"href":"https:\/\/vienolanlampo.fi\/index.php?rest_route=%2Fwp%2Fv2%2Fcomments&post=77"}],"version-history":[{"count":6,"href":"https:\/\/vienolanlampo.fi\/index.php?rest_route=\/wp\/v2\/pages\/77\/revisions"}],"predecessor-version":[{"id":104,"href":"https:\/\/vienolanlampo.fi\/index.php?rest_route=\/wp\/v2\/pages\/77\/revisions\/104"}],"wp:attachment":[{"href":"https:\/\/vienolanlampo.fi\/index.php?rest_route=%2Fwp%2Fv2%2Fmedia&parent=77"}],"curies":[{"name":"wp","href":"https:\/\/api.w.org\/{rel}","templated":true}]}}