{"id":55,"date":"2024-03-14T11:36:27","date_gmt":"2024-03-14T11:36:27","guid":{"rendered":"https:\/\/vienolanlampo.fi\/?page_id=55"},"modified":"2024-03-14T12:27:43","modified_gmt":"2024-03-14T12:27:43","slug":"sahkoiset-palvelut","status":"publish","type":"page","link":"https:\/\/vienolanlampo.fi\/?page_id=55","title":{"rendered":"S\u00e4hk\u00f6iset palvelut"},"content":{"rendered":"\n<div class=\"wp-block-group alignwide has-global-padding is-layout-constrained wp-block-group-is-layout-constrained\">\n<div class=\"wp-block-columns alignwide has-background is-layout-flex wp-container-core-columns-is-layout-9c22b1e3 wp-block-columns-is-layout-flex\" style=\"border-radius:8px;background-color:#d9d9d9\">\n<div class=\"wp-block-column is-layout-flow wp-container-core-column-is-layout-8a368f38 wp-block-column-is-layout-flow\">\n<h2 class=\"wp-block-heading has-text-align-center has-text-color has-link-color wp-elements-2a4d76d06c168b8aea6d3d5cea252517\" style=\"color:#0074ff;padding-bottom:var(--wp--preset--spacing--10)\"><strong>S\u00e4hk\u00f6iset lomakkeet:<\/strong><\/h2>\n\n\n\n<div class=\"wp-block-columns are-vertically-aligned-center is-layout-flex wp-container-core-columns-is-layout-28f84493 wp-block-columns-is-layout-flex\">\n<div class=\"wp-block-column is-vertically-aligned-center is-layout-flow wp-block-column-is-layout-flow\">\n<div class=\"wp-block-buttons is-content-justification-center is-layout-flex wp-container-core-buttons-is-layout-a89b3969 wp-block-buttons-is-layout-flex\">\n<div class=\"wp-block-button has-custom-font-size has-medium-font-size\"><a class=\"wp-block-button__link has-text-color has-background has-link-color wp-element-button\" href=\"https:\/\/vienolanlampo.fi\/?page_id=92\" style=\"color:#0074ff;background-color:#d9d9d9\">Vikailmoitus<\/a><\/div>\n<\/div>\n\n\n\n<div class=\"wp-block-buttons is-content-justification-center is-layout-flex wp-container-core-buttons-is-layout-a89b3969 wp-block-buttons-is-layout-flex\">\n<div class=\"wp-block-button has-custom-font-size has-medium-font-size\"><a class=\"wp-block-button__link has-text-color has-background has-link-color wp-element-button\" href=\"https:\/\/vienolanlampo.fi\/?page_id=95\" style=\"color:#0074ff;background-color:#d9d9d9\">Asiakirjatilaus<\/a><\/div>\n<\/div>\n\n\n\n<div class=\"wp-block-buttons is-content-justification-center is-layout-flex wp-container-core-buttons-is-layout-a89b3969 wp-block-buttons-is-layout-flex\">\n<div class=\"wp-block-button has-custom-font-size has-medium-font-size\"><a class=\"wp-block-button__link has-text-color has-background has-link-color wp-element-button\" href=\"https:\/\/vienolanlampo.fi\/?page_id=77\" style=\"color:#0074ff;background-color:#d9d9d9\">Muuttoilmoitus<\/a><\/div>\n<\/div>\n\n\n\n<div class=\"wp-block-buttons is-content-justification-center is-layout-flex wp-container-core-buttons-is-layout-a89b3969 wp-block-buttons-is-layout-flex\">\n<div class=\"wp-block-button has-custom-font-size has-medium-font-size\"><a class=\"wp-block-button__link has-text-color has-background has-link-color wp-element-button\" href=\"https:\/\/vienolanlampo.fi\/?page_id=85\" style=\"color:#0074ff;background-color:#d9d9d9\">Muutosty\u00f6ilmoitus<\/a><\/div>\n<\/div>\n<\/div>\n<\/div>\n\n\n\n<div class=\"wp-block-columns are-vertically-aligned-center is-layout-flex wp-container-core-columns-is-layout-28f84493 wp-block-columns-is-layout-flex\">\n<div class=\"wp-block-column is-vertically-aligned-center is-layout-flow wp-block-column-is-layout-flow\" style=\"padding-top:var(--wp--preset--spacing--20)\">\n<figure class=\"wp-block-image aligncenter size-full\"><img loading=\"lazy\" decoding=\"async\" width=\"466\" height=\"434\" src=\"https:\/\/vienolanlampo.fi\/wp-content\/uploads\/2024\/03\/vienolanlampo.jpg\" alt=\"\" class=\"wp-image-12\" srcset=\"https:\/\/vienolanlampo.fi\/wp-content\/uploads\/2024\/03\/vienolanlampo.jpg 466w, https:\/\/vienolanlampo.fi\/wp-content\/uploads\/2024\/03\/vienolanlampo-300x279.jpg 300w\" sizes=\"auto, (max-width: 466px) 100vw, 466px\" \/><\/figure>\n<\/div>\n<\/div>\n<\/div>\n\n\n\n<div class=\"wp-block-column is-layout-flow wp-block-column-is-layout-flow\">\n<h2 class=\"wp-block-heading has-text-align-center has-text-color has-link-color wp-elements-fa40fe63ac5573272ab861683c829622\" style=\"color:#0074ff\"><strong>Vikailmoitus:<\/strong><\/h2>\n\n\n\n<p class=\"has-text-align-center\">Viranomaisille tai Postille teht\u00e4v\u00e4 muuttoilmoitus ei v\u00e4lity is\u00e4nn\u00f6itsij\u00e4lle. T\u00e4m\u00e4n johdosta on eritt\u00e4in t\u00e4rke\u00e4\u00e4 ett\u00e4 muuttoilmoitus tehd\u00e4\u00e4n my\u00f6s taloyhti\u00f6lle.&nbsp;&nbsp;Kun ole tehnyt muuttoilmoituksen taloyhti\u00f6lle, niin kiinteist\u00f6huolto vaihtaa nimesi nimitauluihin ja huoneistoon oveen. Voit varata saunavuoroja, autopaikkoja jne&#8230;<\/p>\n\n\n\n<h2 class=\"wp-block-heading has-text-align-center has-text-color has-link-color wp-elements-c347ddc07fc4ba9e7d34684d512f4b83\" style=\"color:#0074ff\"><strong>Asiakirjatilaus:<\/strong><\/h2>\n\n\n\n<p>Lomakkeella voit tehd\u00e4 vikailmoituksen, joka ei vaadi v\u00e4lit\u00f6nt\u00e4 toimenpidett\u00e4. Mik\u00e4li asia vaatii v\u00e4lit\u00f6nt\u00e4 korjausta pyyd\u00e4mme ottamaan yhteytt\u00e4 toimistoomme<\/p>\n\n\n\n<h2 class=\"wp-block-heading has-text-align-center has-text-color has-link-color wp-elements-f159f0fce38abfff3fa5595b4ff3aa30\" style=\"color:#0074ff\"><strong>Muuttoilmoitus taloyhti\u00f6lle:<\/strong><\/h2>\n\n\n\n<p class=\"has-text-align-center\">Asunto-osakeyhti\u00f6lain mukaan osakkaan on ilmoitettava muutosty\u00f6st\u00e4 etuk\u00e4teen kirjallisesti yhti\u00f6lle, jos muutosty\u00f6 vakuttaa yhti\u00f6n kunnossapitovastuulle kuuluviin osiin tai naapurihuoneistoihin<\/p>\n\n\n\n<h2 class=\"wp-block-heading has-text-align-center has-text-color has-link-color wp-elements-4dfe04b7db26be500bb0c41c888f3531\" style=\"color:#0074ff\"><strong>Muutosty\u00f6ilmoitus:<\/strong><\/h2>\n\n\n\n<p class=\"has-text-align-center\">Asiakirjatilauksen kautta voit tilata is\u00e4nn\u00f6itsij\u00e4ntodistuksen<\/p>\n<\/div>\n<\/div>\n<\/div>\n","protected":false},"excerpt":{"rendered":"<p>S\u00e4hk\u00f6iset lomakkeet: Vikailmoitus: Viranomaisille tai Postille teht\u00e4v\u00e4 muuttoilmoitus ei v\u00e4lity is\u00e4nn\u00f6itsij\u00e4lle. T\u00e4m\u00e4n johdosta on eritt\u00e4in t\u00e4rke\u00e4\u00e4 ett\u00e4 muuttoilmoitus tehd\u00e4\u00e4n my\u00f6s taloyhti\u00f6lle.&nbsp;&nbsp;Kun ole tehnyt muuttoilmoituksen taloyhti\u00f6lle, niin kiinteist\u00f6huolto vaihtaa nimesi nimitauluihin ja huoneistoon oveen. Voit varata saunavuoroja, autopaikkoja jne&#8230; Asiakirjatilaus: Lomakkeella voit tehd\u00e4 vikailmoituksen, joka ei vaadi v\u00e4lit\u00f6nt\u00e4 toimenpidett\u00e4. Mik\u00e4li asia vaatii v\u00e4lit\u00f6nt\u00e4 korjausta pyyd\u00e4mme ottamaan [&hellip;]<\/p>\n","protected":false},"author":1,"featured_media":0,"parent":0,"menu_order":0,"comment_status":"closed","ping_status":"closed","template":"page-no-title","meta":{"footnotes":""},"class_list":["post-55","page","type-page","status-publish","hentry"],"_links":{"self":[{"href":"https:\/\/vienolanlampo.fi\/index.php?rest_route=\/wp\/v2\/pages\/55","targetHints":{"allow":["GET"]}}],"collection":[{"href":"https:\/\/vienolanlampo.fi\/index.php?rest_route=\/wp\/v2\/pages"}],"about":[{"href":"https:\/\/vienolanlampo.fi\/index.php?rest_route=\/wp\/v2\/types\/page"}],"author":[{"embeddable":true,"href":"https:\/\/vienolanlampo.fi\/index.php?rest_route=\/wp\/v2\/users\/1"}],"replies":[{"embeddable":true,"href":"https:\/\/vienolanlampo.fi\/index.php?rest_route=%2Fwp%2Fv2%2Fcomments&post=55"}],"version-history":[{"count":6,"href":"https:\/\/vienolanlampo.fi\/index.php?rest_route=\/wp\/v2\/pages\/55\/revisions"}],"predecessor-version":[{"id":154,"href":"https:\/\/vienolanlampo.fi\/index.php?rest_route=\/wp\/v2\/pages\/55\/revisions\/154"}],"wp:attachment":[{"href":"https:\/\/vienolanlampo.fi\/index.php?rest_route=%2Fwp%2Fv2%2Fmedia&parent=55"}],"curies":[{"name":"wp","href":"https:\/\/api.w.org\/{rel}","templated":true}]}}