{"id":44,"date":"2024-03-13T09:41:00","date_gmt":"2024-03-13T09:41:00","guid":{"rendered":"https:\/\/vienolanlampo.fi\/?page_id=44"},"modified":"2024-03-14T06:59:28","modified_gmt":"2024-03-14T06:59:28","slug":"toimisto","status":"publish","type":"page","link":"https:\/\/vienolanlampo.fi\/","title":{"rendered":"Toimisto"},"content":{"rendered":"\n<h2 class=\"wp-block-heading alignwide has-text-align-center has-text-color has-link-color wp-elements-a50b207cefb9b2ce9f41f392fdac89a3\" style=\"color:#0074ff;padding-top:var(--wp--preset--spacing--20);padding-bottom:var(--wp--preset--spacing--20);font-size:clamp(18.434px, 1.152rem + ((1vw - 3.2px) * 1.101), 29px);\"><span style=\"text-decoration: underline;\"><strong>TULE VIIHTYIS\u00c4\u00c4N LUONNON L\u00c4HEISEEN VIENOLAAN<\/strong><\/span><\/h2>\n\n\n\n<div class=\"wp-block-group alignwide has-background has-global-padding is-layout-constrained wp-container-core-group-is-layout-95730b41 wp-block-group-is-layout-constrained\" style=\"border-radius:8px;background-color:#d9d9d9;min-height:0px;padding-top:0;padding-bottom:0\">\n<div class=\"wp-block-columns alignwide is-layout-flex wp-container-core-columns-is-layout-28f84493 wp-block-columns-is-layout-flex\">\n<div class=\"wp-block-column is-layout-flow wp-block-column-is-layout-flow\">\n<p class=\"has-text-align-center\" style=\"margin-top:0;margin-bottom:0;padding-top:var(--wp--preset--spacing--20);padding-right:var(--wp--preset--spacing--50);padding-bottom:var(--wp--preset--spacing--20);padding-left:var(--wp--preset--spacing--50)\">Vienola on Turussa Pahaniemen kaupunginosassa p\u00e4\u00e4ttyv\u00e4\u00e4n kadun varressa sijaitseva hyvin rauhallinen ja luonnonl\u00e4heinen l\u00e4hi\u00f6.<br><br>Alue on v\u00e4lj\u00e4sti rakennettu puistomaiseen kalliomaastoon yli 35 metrin korkeuteen merenpinnasta, osasta huoneistoja on n\u00e4kym\u00e4 Airistolle.<br><br>Vienolaan on hyv\u00e4t kulkuyhteydet, linja-autolinja 61:n p\u00e4\u00e4tepys\u00e4kki on alueella, kauppatorille Vienolasta matkaa on 3,5 km.<br><br>Vienola on lapsiyst\u00e4v\u00e4llinen, lapsilla on tilaa leikki\u00e4 luonnossa, alueella on leikkipuisto ja p\u00e4iv\u00e4koti Muksulanm\u00e4ki.<\/p>\n<\/div>\n\n\n\n<div class=\"wp-block-column is-layout-flow wp-block-column-is-layout-flow\" style=\"border-style:none;border-width:0px;padding-top:0;padding-bottom:0\">\n<figure class=\"wp-block-image aligncenter size-thumbnail is-resized\"><img loading=\"lazy\" decoding=\"async\" width=\"150\" height=\"150\" src=\"https:\/\/vienolanlampo.fi\/wp-content\/uploads\/2024\/03\/vienolanlampo-150x150.jpg\" alt=\"\" class=\"wp-image-12\" style=\"object-fit:cover;width:467px;height:auto\"\/><\/figure>\n<\/div>\n<\/div>\n<\/div>\n\n\n\n<div class=\"wp-block-group alignwide has-background is-layout-flow wp-block-group-is-layout-flow\" style=\"border-radius:8px;background-color:#d9d9d9;padding-top:var(--wp--preset--spacing--10);padding-bottom:0\">\n<div class=\"wp-block-columns is-layout-flex wp-container-core-columns-is-layout-28f84493 wp-block-columns-is-layout-flex\">\n<div class=\"wp-block-column is-vertically-aligned-top is-layout-flow wp-block-column-is-layout-flow\" style=\"padding-top:var(--wp--preset--spacing--10);padding-right:var(--wp--preset--spacing--20);padding-bottom:var(--wp--preset--spacing--10);padding-left:var(--wp--preset--spacing--20)\">\n<h2 class=\"wp-block-heading has-text-align-center has-text-color has-link-color wp-elements-61457385cd7d5bfc1a4d05f900e9d0c3\" style=\"color:#0074ff\"><strong>Kiinteist\u00f6huolto ja is\u00e4nn\u00f6inti<\/strong><\/h2>\n<\/div>\n\n\n\n<div class=\"wp-block-column is-layout-flow wp-block-column-is-layout-flow\"><\/div>\n<\/div>\n\n\n\n<div class=\"wp-block-columns is-layout-flex wp-container-core-columns-is-layout-28f84493 wp-block-columns-is-layout-flex\">\n<div class=\"wp-block-column is-layout-flow wp-block-column-is-layout-flow\" style=\"padding-right:var(--wp--preset--spacing--20);padding-left:var(--wp--preset--spacing--20)\">\n<p class=\"has-text-align-center\">Alueen is\u00e4nn\u00f6innist\u00e4 sek\u00e4 kiinteist\u00f6nhuollosta vastaa Vienolan L\u00e4mp\u00f6 Oy. Vienolan L\u00e4mm\u00f6n toimisto sijaitsee Vienolassa osoitteessa Vienolantie 5 A 3.<br><br>email: vienolanlampo (\u00e4t) vienolanlampo.fi<br><br><strong>Is\u00e4nn\u00f6itsij\u00e4&nbsp;<\/strong>on varmimmin tavattavissa toimistosta aamup\u00e4ivisin klo 9-12 ja sopimuksesta klo 16-17. puh. 02-2534570<\/p>\n<\/div>\n\n\n\n<div class=\"wp-block-column has-global-padding is-content-justification-center is-layout-constrained wp-block-column-is-layout-constrained\" style=\"padding-bottom:var(--wp--preset--spacing--10)\">\n<p class=\"has-text-align-center\"><strong>Huoltomiehen<\/strong>&nbsp;tavoitat p\u00e4ivisin puhelimella:<br><br>Aunelanvuori, -rinne,-kallio. puh. 050-3712074<br><br>Vienolanrinne, -polku, -tie . puh. 050-5278154.<br><br><strong>Huoltop\u00e4ivystys iltaisin ja viikonloppuisin<\/strong><br><br>THV H\u00e4lytysvalvonta 02-2846999<\/p>\n<\/div>\n<\/div>\n<\/div>\n","protected":false},"excerpt":{"rendered":"<p>TULE VIIHTYIS\u00c4\u00c4N LUONNON L\u00c4HEISEEN VIENOLAAN Vienola on Turussa Pahaniemen kaupunginosassa p\u00e4\u00e4ttyv\u00e4\u00e4n kadun varressa sijaitseva hyvin rauhallinen ja luonnonl\u00e4heinen l\u00e4hi\u00f6. Alue on v\u00e4lj\u00e4sti rakennettu puistomaiseen kalliomaastoon yli 35 metrin korkeuteen merenpinnasta, osasta huoneistoja on n\u00e4kym\u00e4 Airistolle. Vienolaan on hyv\u00e4t kulkuyhteydet, linja-autolinja 61:n p\u00e4\u00e4tepys\u00e4kki on alueella, kauppatorille Vienolasta matkaa on 3,5 km. Vienola on lapsiyst\u00e4v\u00e4llinen, lapsilla on [&hellip;]<\/p>\n","protected":false},"author":1,"featured_media":0,"parent":0,"menu_order":0,"comment_status":"closed","ping_status":"closed","template":"page-no-title","meta":{"footnotes":""},"class_list":["post-44","page","type-page","status-publish","hentry"],"_links":{"self":[{"href":"https:\/\/vienolanlampo.fi\/index.php?rest_route=\/wp\/v2\/pages\/44","targetHints":{"allow":["GET"]}}],"collection":[{"href":"https:\/\/vienolanlampo.fi\/index.php?rest_route=\/wp\/v2\/pages"}],"about":[{"href":"https:\/\/vienolanlampo.fi\/index.php?rest_route=\/wp\/v2\/types\/page"}],"author":[{"embeddable":true,"href":"https:\/\/vienolanlampo.fi\/index.php?rest_route=\/wp\/v2\/users\/1"}],"replies":[{"embeddable":true,"href":"https:\/\/vienolanlampo.fi\/index.php?rest_route=%2Fwp%2Fv2%2Fcomments&post=44"}],"version-history":[{"count":3,"href":"https:\/\/vienolanlampo.fi\/index.php?rest_route=\/wp\/v2\/pages\/44\/revisions"}],"predecessor-version":[{"id":76,"href":"https:\/\/vienolanlampo.fi\/index.php?rest_route=\/wp\/v2\/pages\/44\/revisions\/76"}],"wp:attachment":[{"href":"https:\/\/vienolanlampo.fi\/index.php?rest_route=%2Fwp%2Fv2%2Fmedia&parent=44"}],"curies":[{"name":"wp","href":"https:\/\/api.w.org\/{rel}","templated":true}]}}